{"id":17,"date":"2024-10-01T06:50:16","date_gmt":"2024-10-01T06:50:16","guid":{"rendered":"https:\/\/www.nebulawealthai.pro\/?page_id=17"},"modified":"2026-01-05T10:34:07","modified_gmt":"2026-01-05T10:34:07","slug":"politique-de-confidentialite","status":"publish","type":"page","link":"https:\/\/www.nebulawealthai.pro\/fr\/privacy-policy\/","title":{"rendered":"D\u00e9claration de confidentialit\u00e9"},"content":{"rendered":"<div data-elementor-type=\"wp-page\" data-elementor-id=\"17\" class=\"elementor elementor-17\" data-elementor-post-type=\"page\">\n\t\t\t\t<div class=\"elementor-element elementor-element-17261fa e-flex e-con-boxed e-con e-parent\" data-id=\"17261fa\" data-element_type=\"container\" data-e-type=\"container\" data-settings=\"{&quot;background_background&quot;:&quot;classic&quot;}\">\n\t\t\t\t\t<div class=\"e-con-inner\">\n\t\t\t\t<div class=\"elementor-element elementor-element-0fe1982 elementor-widget__width-initial elementor-widget elementor-widget-heading\" data-id=\"0fe1982\" data-element_type=\"widget\" data-e-type=\"widget\" data-widget_type=\"heading.default\">\n\t\t\t\t<div class=\"elementor-widget-container\">\n\t\t\t\t\t<h1 class=\"elementor-heading-title elementor-size-default\">politique de confidentialit\u00e9<\/h1>\t\t\t\t<\/div>\n\t\t\t\t<\/div>\n\t\t\t\t\t<\/div>\n\t\t\t\t<\/div>\n\t\t<div class=\"elementor-element elementor-element-78ca96c e-flex e-con-boxed e-con e-parent\" data-id=\"78ca96c\" data-element_type=\"container\" data-e-type=\"container\">\n\t\t\t\t\t<div class=\"e-con-inner\">\n\t\t\t\t<div class=\"elementor-element elementor-element-aaf4d92 elementor-widget elementor-widget-spacer\" data-id=\"aaf4d92\" data-element_type=\"widget\" data-e-type=\"widget\" data-widget_type=\"spacer.default\">\n\t\t\t\t<div class=\"elementor-widget-container\">\n\t\t\t\t\t\t\t<div class=\"elementor-spacer\">\n\t\t\t<div class=\"elementor-spacer-inner\"><\/div>\n\t\t<\/div>\n\t\t\t\t\t\t<\/div>\n\t\t\t\t<\/div>\n\t\t\t\t<div class=\"elementor-element elementor-element-33a972d elementor-widget__width-initial elementor-widget elementor-widget-heading\" data-id=\"33a972d\" data-element_type=\"widget\" data-e-type=\"widget\" data-widget_type=\"heading.default\">\n\t\t\t\t<div class=\"elementor-widget-container\">\n\t\t\t\t\t<h2 class=\"elementor-heading-title elementor-size-default\">Introduction\n<\/h2>\t\t\t\t<\/div>\n\t\t\t\t<\/div>\n\t\t\t\t<div class=\"elementor-element elementor-element-4744af7 elementor-widget elementor-widget-text-editor\" data-id=\"4744af7\" data-element_type=\"widget\" data-e-type=\"widget\" data-widget_type=\"text-editor.default\">\n\t\t\t\t<div class=\"elementor-widget-container\">\n\t\t\t\t\t\t\t\t\t<p>Bienvenue dans l\u2019avis de confidentialit\u00e9 des donn\u00e9es de Nebula Wealth AI (\u00ab<strong>Nebula Wealth AI<\/strong>\", \"Nous\"). Ce document d\u00e9crit la mani\u00e8re dont nous collectons, utilisons et prot\u00e9geons vos donn\u00e9es personnelles lorsque vous interagissez avec notre site Web.\u00a0<span style=\"color: #425e5f;\"> <a style=\"color: #425e5f;\" href=\"https:\/\/www.nebulawealthai.pro\/fr\/\"><strong>nebula-wealthai.com<\/strong>.<\/a> <\/span>Notre mission est de vous fournir une formation exceptionnelle en investissement bas\u00e9e sur l'IA tout en garantissant la protection de votre vie priv\u00e9e.<\/p>\t\t\t\t\t\t\t\t<\/div>\n\t\t\t\t<\/div>\n\t\t\t\t<div class=\"elementor-element elementor-element-7efebac elementor-widget__width-initial elementor-widget elementor-widget-heading\" data-id=\"7efebac\" data-element_type=\"widget\" data-e-type=\"widget\" data-widget_type=\"heading.default\">\n\t\t\t\t<div class=\"elementor-widget-container\">\n\t\t\t\t\t<h2 class=\"elementor-heading-title elementor-size-default\">Collecte de donn\u00e9es\n<\/h2>\t\t\t\t<\/div>\n\t\t\t\t<\/div>\n\t\t\t\t<div class=\"elementor-element elementor-element-5d6cf47 elementor-widget elementor-widget-text-editor\" data-id=\"5d6cf47\" data-element_type=\"widget\" data-e-type=\"widget\" data-widget_type=\"text-editor.default\">\n\t\t\t\t<div class=\"elementor-widget-container\">\n\t\t\t\t\t\t\t\t\t<p>Nous collectons vos donn\u00e9es personnelles via deux m\u00e9thodes principales\u00a0:<\/p><ul><li>Directement de votre part lorsque vous fournissez vos informations sur notre Site.<\/li><li>Indirectement via :<\/li><\/ul><ol><li>les services tiers qui partagent vos informations avec nous,<\/li><li>donn\u00e9es analytiques de votre utilisation du site, collect\u00e9es via des cookies ou des technologies similaires. Plus de d\u00e9tails peuvent \u00eatre trouv\u00e9s dans notre politique en mati\u00e8re de cookies.<\/li><\/ol><p>Bien que la fourniture de vos donn\u00e9es personnelles soit volontaire, elle peut \u00eatre essentielle \u00e0 l'utilisation compl\u00e8te de nos services.<\/p>\t\t\t\t\t\t\t\t<\/div>\n\t\t\t\t<\/div>\n\t\t\t\t<div class=\"elementor-element elementor-element-af36c55 elementor-widget__width-initial elementor-widget elementor-widget-heading\" data-id=\"af36c55\" data-element_type=\"widget\" data-e-type=\"widget\" data-widget_type=\"heading.default\">\n\t\t\t\t<div class=\"elementor-widget-container\">\n\t\t\t\t\t<h2 class=\"elementor-heading-title elementor-size-default\">Informations que nous collectons\n<\/h2>\t\t\t\t<\/div>\n\t\t\t\t<\/div>\n\t\t\t\t<div class=\"elementor-element elementor-element-e25bb0e elementor-widget elementor-widget-text-editor\" data-id=\"e25bb0e\" data-element_type=\"widget\" data-e-type=\"widget\" data-widget_type=\"text-editor.default\">\n\t\t\t\t<div class=\"elementor-widget-container\">\n\t\t\t\t\t\t\t\t\t<p>Les informations personnelles que vous \u00eates invit\u00e9 \u00e0 fournir, et les raisons pour lesquelles il vous est demand\u00e9 de les fournir, vous seront clairement indiqu\u00e9es au moment o\u00f9 nous vous demanderons de fournir vos informations personnelles. Si vous nous contactez directement, nous pouvons recevoir des informations suppl\u00e9mentaires vous concernant, telles que votre nom, votre adresse e-mail, votre num\u00e9ro de t\u00e9l\u00e9phone, le contenu du message et\/ou des pi\u00e8ces jointes que vous pouvez nous envoyer, ainsi que toute autre information que vous pouvez choisir de fournir. Lorsque vous cr\u00e9ez un compte, nous pouvons vous demander vos coordonn\u00e9es, y compris des \u00e9l\u00e9ments tels que votre nom, le nom de votre entreprise, votre adresse, votre adresse e-mail et votre num\u00e9ro de t\u00e9l\u00e9phone.<\/p>\t\t\t\t\t\t\t\t<\/div>\n\t\t\t\t<\/div>\n\t\t\t\t<div class=\"elementor-element elementor-element-482ebd7 elementor-widget__width-initial elementor-widget elementor-widget-heading\" data-id=\"482ebd7\" data-element_type=\"widget\" data-e-type=\"widget\" data-widget_type=\"heading.default\">\n\t\t\t\t<div class=\"elementor-widget-container\">\n\t\t\t\t\t<h2 class=\"elementor-heading-title elementor-size-default\">Types de donn\u00e9es collect\u00e9es\n<\/h2>\t\t\t\t<\/div>\n\t\t\t\t<\/div>\n\t\t\t\t<div class=\"elementor-element elementor-element-220bd47 elementor-widget elementor-widget-text-editor\" data-id=\"220bd47\" data-element_type=\"widget\" data-e-type=\"widget\" data-widget_type=\"text-editor.default\">\n\t\t\t\t<div class=\"elementor-widget-container\">\n\t\t\t\t\t\t\t\t\t<p>Les donn\u00e9es personnelles que nous pouvons collecter comprennent\u00a0:<\/p>\t\t\t\t\t\t\t\t<\/div>\n\t\t\t\t<\/div>\n\t\t\t\t<div class=\"elementor-element elementor-element-fc442d6 elementor-widget elementor-widget-html\" data-id=\"fc442d6\" data-element_type=\"widget\" data-e-type=\"widget\" data-widget_type=\"html.default\">\n\t\t\t\t<div class=\"elementor-widget-container\">\n\t\t\t\t\t\r\n<div style=\"overflow-x:auto;\">\r\n<table style=\"text-align:left;\">\r\n  <tr>\r\n    <th>Cat\u00e9gorie de donn\u00e9es\t<\/th>\r\n    <th>D\u00e9tails\r\n<\/th>\r\n  <\/tr>\r\n  <tr>\r\n    <td>Donn\u00e9es d'identification\t<\/td>\r\n    <td>Tels que votre pr\u00e9nom et votre nom, votre adresse e-mail et votre num\u00e9ro de t\u00e9l\u00e9phone.\r\n<\/td>\r\n  <\/tr>\r\n  <tr>\r\n    <td>Donn\u00e9es d'utilisation du r\u00e9seau\t<\/td>\r\n    <td>D\u00e9tails de vos interactions avec notre site Web, y compris les adresses IP, les types de navigateur et les pages visit\u00e9es, collect\u00e9s via des technologies de suivi num\u00e9rique.\r\n<\/td>\r\n  <\/tr>\r\n<\/table>\r\n<\/div>\t\t\t\t<\/div>\n\t\t\t\t<\/div>\n\t\t\t\t<div class=\"elementor-element elementor-element-a6a5962 elementor-widget__width-initial elementor-widget elementor-widget-heading\" data-id=\"a6a5962\" data-element_type=\"widget\" data-e-type=\"widget\" data-widget_type=\"heading.default\">\n\t\t\t\t<div class=\"elementor-widget-container\">\n\t\t\t\t\t<h3 class=\"elementor-heading-title elementor-size-default\">Activit\u00e9s de traitement\n<\/h3>\t\t\t\t<\/div>\n\t\t\t\t<\/div>\n\t\t\t\t<div class=\"elementor-element elementor-element-50f38c0 elementor-widget elementor-widget-text-editor\" data-id=\"50f38c0\" data-element_type=\"widget\" data-e-type=\"widget\" data-widget_type=\"text-editor.default\">\n\t\t\t\t<div class=\"elementor-widget-container\">\n\t\t\t\t\t\t\t\t\t<p>Nous utilisons vos donn\u00e9es personnelles pour :<\/p>\t\t\t\t\t\t\t\t<\/div>\n\t\t\t\t<\/div>\n\t\t\t\t<div class=\"elementor-element elementor-element-de9d36e elementor-widget elementor-widget-html\" data-id=\"de9d36e\" data-element_type=\"widget\" data-e-type=\"widget\" data-widget_type=\"html.default\">\n\t\t\t\t<div class=\"elementor-widget-container\">\n\t\t\t\t\t<div style=\"overflow-x:auto;\">\r\n<table style=\"text-align:left;\">\r\n  <tr>\r\n    <th>But<\/th>\r\n    <th>Base juridique<\/th>\r\n    <th>Donn\u00e9es utilis\u00e9es<\/th>\r\n    \r\n\r\n  <\/tr>\r\n  <tr>\r\n    <td>Facilitez l\u2019acc\u00e8s aux opportunit\u00e9s d\u2019apprentissage en investissement bas\u00e9es sur l\u2019IA.<\/td>\r\n    <td>Avec votre consentement explicite.<\/td>\r\n    <td>Donn\u00e9es d'identification<\/td>\r\n  <\/tr>\r\n  <tr>\r\n    <td>Adh\u00e9rer aux obligations l\u00e9gales et r\u00e9pondre aux demandes r\u00e9glementaires et l\u00e9gales.\t<\/td>\r\n    <td>Respect des lois applicables.<\/td>\r\n      <td>Donn\u00e9es d'identification et donn\u00e9es d'utilisation du r\u00e9seau<\/td>\r\n  <\/tr>\r\n<\/table>\r\n<\/div>\t\t\t\t<\/div>\n\t\t\t\t<\/div>\n\t\t\t\t<div class=\"elementor-element elementor-element-cd44e3e elementor-widget__width-initial elementor-widget elementor-widget-heading\" data-id=\"cd44e3e\" data-element_type=\"widget\" data-e-type=\"widget\" data-widget_type=\"heading.default\">\n\t\t\t\t<div class=\"elementor-widget-container\">\n\t\t\t\t\t<h3 class=\"elementor-heading-title elementor-size-default\">Vos droits en mati\u00e8re de confidentialit\u00e9\n<\/h3>\t\t\t\t<\/div>\n\t\t\t\t<\/div>\n\t\t\t\t<div class=\"elementor-element elementor-element-38ce959 elementor-widget elementor-widget-text-editor\" data-id=\"38ce959\" data-element_type=\"widget\" data-e-type=\"widget\" data-widget_type=\"text-editor.default\">\n\t\t\t\t<div class=\"elementor-widget-container\">\n\t\t\t\t\t\t\t\t\t<p>Vous avez droit \u00e0 :<\/p><ol><li>Acc\u00e9dez et obtenez une copie de vos donn\u00e9es sur demande.<\/li><li>Corrigez toute donn\u00e9e inexacte ou incompl\u00e8te.<\/li><li>Effacez vos donn\u00e9es dans certaines circonstances.<\/li><li>Restreindre ou s'opposer au traitement de vos donn\u00e9es.<\/li><li>Recevez vos donn\u00e9es dans un format portable.<\/li><li>Retirez votre consentement \u00e0 tout moment si le traitement est bas\u00e9 sur le consentement.<\/li><\/ol>\t\t\t\t\t\t\t\t<\/div>\n\t\t\t\t<\/div>\n\t\t\t\t<div class=\"elementor-element elementor-element-8de5f40 elementor-widget elementor-widget-text-editor\" data-id=\"8de5f40\" data-element_type=\"widget\" data-e-type=\"widget\" data-widget_type=\"text-editor.default\">\n\t\t\t\t<div class=\"elementor-widget-container\">\n\t\t\t\t\t\t\t\t\t<p>Remarque : L\u2019exercice de ces droits peut \u00eatre soumis \u00e0 des conditions et exceptions r\u00e9glementaires sp\u00e9cifiques.<\/p><p>Pour exercer vos droits ou si vous avez des questions sur nos pratiques de traitement des donn\u00e9es, contactez-nous par e-mail \u00e0 <span style=\"color: #425e5f;\"><a style=\"color: #425e5f;\" href=\"http:\/\/support@www.nebulawealthai.pro.\">support@www.nebulawealthai.pro.<\/a><\/span><\/p><p>Vous avez \u00e9galement le droit d'introduire une r\u00e9clamation aupr\u00e8s d'une autorit\u00e9 de contr\u00f4le, comme la CNIL en France.<\/p>\t\t\t\t\t\t\t\t<\/div>\n\t\t\t\t<\/div>\n\t\t\t\t<div class=\"elementor-element elementor-element-09ae048 elementor-widget__width-initial elementor-widget elementor-widget-heading\" data-id=\"09ae048\" data-element_type=\"widget\" data-e-type=\"widget\" data-widget_type=\"heading.default\">\n\t\t\t\t<div class=\"elementor-widget-container\">\n\t\t\t\t\t<h3 class=\"elementor-heading-title elementor-size-default\">Partager vos donn\u00e9es\n<\/h3>\t\t\t\t<\/div>\n\t\t\t\t<\/div>\n\t\t\t\t<div class=\"elementor-element elementor-element-d9e2f64 elementor-widget elementor-widget-text-editor\" data-id=\"d9e2f64\" data-element_type=\"widget\" data-e-type=\"widget\" data-widget_type=\"text-editor.default\">\n\t\t\t\t<div class=\"elementor-widget-container\">\n\t\t\t\t\t\t\t\t\t<p>Nous pouvons partager vos informations\u00a0:<\/p><ul><li>Avec des groupes internes \u00e0 des fins administratives\u00a0;<\/li><li>Avec des partenaires, avec votre accord, pour vous pr\u00e9senter des offres pertinentes ;<\/li><li>Avec des prestataires pour les besoins op\u00e9rationnels ;<\/li><li>Avec des entit\u00e9s juridiques ou r\u00e9glementaires lorsque cela est n\u00e9cessaire.<\/li><\/ul>\t\t\t\t\t\t\t\t<\/div>\n\t\t\t\t<\/div>\n\t\t\t\t<div class=\"elementor-element elementor-element-f363c8a elementor-widget__width-initial elementor-widget elementor-widget-heading\" data-id=\"f363c8a\" data-element_type=\"widget\" data-e-type=\"widget\" data-widget_type=\"heading.default\">\n\t\t\t\t<div class=\"elementor-widget-container\">\n\t\t\t\t\t<h3 class=\"elementor-heading-title elementor-size-default\">Virements internationaux\n<\/h3>\t\t\t\t<\/div>\n\t\t\t\t<\/div>\n\t\t\t\t<div class=\"elementor-element elementor-element-6ca4cf4 elementor-widget elementor-widget-text-editor\" data-id=\"6ca4cf4\" data-element_type=\"widget\" data-e-type=\"widget\" data-widget_type=\"text-editor.default\">\n\t\t\t\t<div class=\"elementor-widget-container\">\n\t\t\t\t\t\t\t\t\t<p>Vos donn\u00e9es peuvent \u00eatre trait\u00e9es en dehors de l'EEE. Dans de tels cas, nous veillons \u00e0 ce que le transfert soit conforme \u00e0 la l\u00e9gislation en vigueur.<\/p>\t\t\t\t\t\t\t\t<\/div>\n\t\t\t\t<\/div>\n\t\t\t\t<div class=\"elementor-element elementor-element-8be64c6 elementor-widget__width-initial elementor-widget elementor-widget-heading\" data-id=\"8be64c6\" data-element_type=\"widget\" data-e-type=\"widget\" data-widget_type=\"heading.default\">\n\t\t\t\t<div class=\"elementor-widget-container\">\n\t\t\t\t\t<h3 class=\"elementor-heading-title elementor-size-default\">Comprendre la confidentialit\u00e9 de vos donn\u00e9es\n<\/h3>\t\t\t\t<\/div>\n\t\t\t\t<\/div>\n\t\t\t\t<div class=\"elementor-element elementor-element-cd06c7b elementor-widget elementor-widget-text-editor\" data-id=\"cd06c7b\" data-element_type=\"widget\" data-e-type=\"widget\" data-widget_type=\"text-editor.default\">\n\t\t\t\t<div class=\"elementor-widget-container\">\n\t\t\t\t\t\t\t\t\t<p>Chez Nebula Wealth AI, nous nous engageons \u00e0 faire preuve de transparence et \u00e0 vous permettre de contr\u00f4ler vos donn\u00e9es personnelles. Cet avis de confidentialit\u00e9 des donn\u00e9es vise \u00e0 vous fournir une compr\u00e9hension claire de la mani\u00e8re dont nous traitons vos informations, des mesures que nous prenons pour prot\u00e9ger votre vie priv\u00e9e et de la mani\u00e8re dont vous pouvez exercer vos droits concernant vos donn\u00e9es personnelles.<\/p>\t\t\t\t\t\t\t\t<\/div>\n\t\t\t\t<\/div>\n\t\t\t\t<div class=\"elementor-element elementor-element-8e0ad9e elementor-widget__width-initial elementor-widget elementor-widget-heading\" data-id=\"8e0ad9e\" data-element_type=\"widget\" data-e-type=\"widget\" data-widget_type=\"heading.default\">\n\t\t\t\t<div class=\"elementor-widget-container\">\n\t\t\t\t\t<h3 class=\"elementor-heading-title elementor-size-default\">Renforcez vos choix en mati\u00e8re de confidentialit\u00e9 des donn\u00e9es\n<\/h3>\t\t\t\t<\/div>\n\t\t\t\t<\/div>\n\t\t\t\t<div class=\"elementor-element elementor-element-a4064b5 elementor-widget elementor-widget-text-editor\" data-id=\"a4064b5\" data-element_type=\"widget\" data-e-type=\"widget\" data-widget_type=\"text-editor.default\">\n\t\t\t\t<div class=\"elementor-widget-container\">\n\t\t\t\t\t\t\t\t\t<p>Comprendre vos droits est la premi\u00e8re \u00e9tape vers la gestion de votre vie priv\u00e9e. Nous vous encourageons \u00e0 lire attentivement cet avis et \u00e0 nous contacter si vous avez des questions ou souhaitez exercer l'un de vos droits. Votre confiance est fondamentale pour notre mission consistant \u00e0 fournir une formation en investissement de haute qualit\u00e9 bas\u00e9e sur l\u2019IA.<\/p>\t\t\t\t\t\t\t\t<\/div>\n\t\t\t\t<\/div>\n\t\t\t\t<div class=\"elementor-element elementor-element-b499ad5 elementor-widget__width-initial elementor-widget elementor-widget-heading\" data-id=\"b499ad5\" data-element_type=\"widget\" data-e-type=\"widget\" data-widget_type=\"heading.default\">\n\t\t\t\t<div class=\"elementor-widget-container\">\n\t\t\t\t\t<h3 class=\"elementor-heading-title elementor-size-default\">Contact\n<\/h3>\t\t\t\t<\/div>\n\t\t\t\t<\/div>\n\t\t\t\t<div class=\"elementor-element elementor-element-07ba6b7 elementor-widget elementor-widget-text-editor\" data-id=\"07ba6b7\" data-element_type=\"widget\" data-e-type=\"widget\" data-widget_type=\"text-editor.default\">\n\t\t\t\t<div class=\"elementor-widget-container\">\n\t\t\t\t\t\t\t\t\t<p>Si vous avez des questions ou des pr\u00e9occupations concernant cet Avis, vos donn\u00e9es personnelles, ou si vous souhaitez exercer l'un de vos droits, n'h\u00e9sitez pas \u00e0 nous contacter imm\u00e9diatement \u00e0 <span style=\"color: #425e5f;\"><a style=\"color: #425e5f;\" href=\"http:\/\/support@www.nebulawealthai.pro.\">support@www.nebulawealthai.pro.<\/a><\/span>\u00a0Notre \u00e9quipe d\u00e9di\u00e9e est l\u00e0 pour vous aider avec toutes vos questions.<\/p><p>Nous appr\u00e9cions votre confiance dans Nebula Wealth AI en tant que partenaire dans la formation \u00e0 l\u2019investissement bas\u00e9e sur l\u2019IA. Ensemble, nous \u00e9tablissons de nouvelles normes en mati\u00e8re de confidentialit\u00e9 et d\u2019autonomisation des utilisateurs \u00e0 l\u2019\u00e8re num\u00e9rique.<\/p>\t\t\t\t\t\t\t\t<\/div>\n\t\t\t\t<\/div>\n\t\t\t\t<div class=\"elementor-element elementor-element-cce72e3 elementor-widget elementor-widget-spacer\" data-id=\"cce72e3\" data-element_type=\"widget\" data-e-type=\"widget\" data-widget_type=\"spacer.default\">\n\t\t\t\t<div class=\"elementor-widget-container\">\n\t\t\t\t\t\t\t<div class=\"elementor-spacer\">\n\t\t\t<div class=\"elementor-spacer-inner\"><\/div>\n\t\t<\/div>\n\t\t\t\t\t\t<\/div>\n\t\t\t\t<\/div>\n\t\t\t\t\t<\/div>\n\t\t\t\t<\/div>\n\t\t\t\t<\/div>","protected":false},"excerpt":{"rendered":"<p>Privacy Policy Introduction Welcome to the Data Privacy Notice of Nebula Wealth AI (&#8220;Nebula Wealth AI&#8220;, &#8220;We&#8221;). This document outlines how we gather, utilize, and safeguard your personal data when you engage with our website\u00a0 nebula-wealthai.com. Our mission is to provide you with exceptional AI-driven investment education while ensuring your privacy is protected. Data Collection [&hellip;]<\/p>\n","protected":false},"author":1,"featured_media":0,"parent":0,"menu_order":0,"comment_status":"closed","ping_status":"closed","template":"","meta":{"footnotes":""},"class_list":["post-17","page","type-page","status-publish","hentry"],"_links":{"self":[{"href":"https:\/\/www.nebulawealthai.pro\/fr\/wp-json\/wp\/v2\/pages\/17","targetHints":{"allow":["GET"]}}],"collection":[{"href":"https:\/\/www.nebulawealthai.pro\/fr\/wp-json\/wp\/v2\/pages"}],"about":[{"href":"https:\/\/www.nebulawealthai.pro\/fr\/wp-json\/wp\/v2\/types\/page"}],"author":[{"embeddable":true,"href":"https:\/\/www.nebulawealthai.pro\/fr\/wp-json\/wp\/v2\/users\/1"}],"replies":[{"embeddable":true,"href":"https:\/\/www.nebulawealthai.pro\/fr\/wp-json\/wp\/v2\/comments?post=17"}],"version-history":[{"count":10,"href":"https:\/\/www.nebulawealthai.pro\/fr\/wp-json\/wp\/v2\/pages\/17\/revisions"}],"predecessor-version":[{"id":2171,"href":"https:\/\/www.nebulawealthai.pro\/fr\/wp-json\/wp\/v2\/pages\/17\/revisions\/2171"}],"wp:attachment":[{"href":"https:\/\/www.nebulawealthai.pro\/fr\/wp-json\/wp\/v2\/media?parent=17"}],"curies":[{"name":"wp","href":"https:\/\/api.w.org\/{rel}","templated":true}]}}